{"id":1240,"date":"2019-09-09T15:00:50","date_gmt":"2019-09-09T15:00:50","guid":{"rendered":"http:\/\/fimm.evento.unq.edu.ar\/?page_id=1240"},"modified":"2020-02-20T15:06:51","modified_gmt":"2020-02-20T15:06:51","slug":"autoridades","status":"publish","type":"page","link":"http:\/\/fimm.evento.unq.edu.ar\/?page_id=1240","title":{"rendered":"DIRECCI\u00d3N"},"content":{"rendered":"<h4><img loading=\"lazy\" class=\"size-medium wp-image-1257 aligncenter\" src=\"http:\/\/fimm.evento.unq.edu.ar\/wp-content\/uploads\/sites\/9\/2019\/09\/logo-30-a\u00f1os-UNQ-PNG-ultimo-300x123.png\" alt=\"\" width=\"300\" height=\"123\" srcset=\"http:\/\/fimm.evento.unq.edu.ar\/wp-content\/uploads\/sites\/9\/2019\/09\/logo-30-a\u00f1os-UNQ-PNG-ultimo-300x123.png 300w, http:\/\/fimm.evento.unq.edu.ar\/wp-content\/uploads\/sites\/9\/2019\/09\/logo-30-a\u00f1os-UNQ-PNG-ultimo.png 600w\" sizes=\"(max-width: 300px) 100vw, 300px\" \/><\/h4>\n<h4 style=\"text-align: center\"><strong>Rector:<\/strong> Dr Alejandro Villar<\/h4>\n<h4 style=\"text-align: center\"><strong>Vicerrector:<\/strong> Mg. Alfredo Alfonso<\/h4>\n<h4 style=\"text-align: center\"><strong>Director Escuela Universitaria de Artes:<\/strong> Lic. Diego Romero Mascar\u00f3<\/h4>\n<h4 style=\"text-align: center\"><strong>Producci\u00f3n:<\/strong> Diego Romero Mascar\u00f3<\/h4>\n<h4 style=\"text-align: center\"><strong>Programaci\u00f3n General:<\/strong> Marcos Franciosi y Diego Romero Mascar\u00f3<\/h4>\n<h4 style=\"text-align: center\"><strong>Producci\u00f3n Ejecutiva:<\/strong> Alejandra Bada<\/h4>\n<h4 style=\"text-align: center\">Equipo <strong>T\u00e9cnico:<\/strong> Fernando Mastrasso \u2013 Luciana Roberto\u00a0 &#8211; Roc\u00edo Carballido<\/h4>\n<h4 style=\"text-align: center\"><strong>Comunicaci\u00f3n y Prensa:<\/strong> Diego Mart\u00edn Surueta<\/h4>\n<h4 style=\"text-align: center\"><strong>Dise\u00f1o:<\/strong> Federico Marinic<\/h4>\n<h4 style=\"text-align: center\"><strong>Dise\u00f1o Web:<\/strong> Braian C\u00f3rdoba<\/h4>\n<p><img loading=\"lazy\" class=\"wp-image-1251 aligncenter\" src=\"http:\/\/fimm.evento.unq.edu.ar\/wp-content\/uploads\/sites\/9\/2019\/09\/Logo_Esc_Univ_Arte_RGB-300x103.jpg\" alt=\"\" width=\"262\" height=\"90\" srcset=\"http:\/\/fimm.evento.unq.edu.ar\/wp-content\/uploads\/sites\/9\/2019\/09\/Logo_Esc_Univ_Arte_RGB-300x103.jpg 300w, http:\/\/fimm.evento.unq.edu.ar\/wp-content\/uploads\/sites\/9\/2019\/09\/Logo_Esc_Univ_Arte_RGB-768x264.jpg 768w, http:\/\/fimm.evento.unq.edu.ar\/wp-content\/uploads\/sites\/9\/2019\/09\/Logo_Esc_Univ_Arte_RGB-1024x353.jpg 1024w\" sizes=\"(max-width: 262px) 100vw, 262px\" \/><\/p>\n","protected":false},"excerpt":{"rendered":"<p>Rector: Dr Alejandro Villar Vicerrector: Mg. Alfredo Alfonso Director Escuela Universitaria de Artes: Lic. Diego Romero Mascar\u00f3 Producci\u00f3n: Diego Romero Mascar\u00f3 Programaci\u00f3n General: Marcos Franciosi y Diego Romero Mascar\u00f3 Producci\u00f3n Ejecutiva: Alejandra Bada Equipo T\u00e9cnico: Fernando Mastrasso \u2013 Luciana Roberto\u00a0 &#8211; Roc\u00edo Carballido Comunicaci\u00f3n y Prensa: Diego Mart\u00edn Surueta Dise\u00f1o: Federico Marinic Dise\u00f1o Web: Braian [&hellip;]<\/p>\n","protected":false},"author":23,"featured_media":0,"parent":0,"menu_order":0,"comment_status":"closed","ping_status":"closed","template":"","meta":[],"_links":{"self":[{"href":"http:\/\/fimm.evento.unq.edu.ar\/index.php?rest_route=\/wp\/v2\/pages\/1240"}],"collection":[{"href":"http:\/\/fimm.evento.unq.edu.ar\/index.php?rest_route=\/wp\/v2\/pages"}],"about":[{"href":"http:\/\/fimm.evento.unq.edu.ar\/index.php?rest_route=\/wp\/v2\/types\/page"}],"author":[{"embeddable":true,"href":"http:\/\/fimm.evento.unq.edu.ar\/index.php?rest_route=\/wp\/v2\/users\/23"}],"replies":[{"embeddable":true,"href":"http:\/\/fimm.evento.unq.edu.ar\/index.php?rest_route=%2Fwp%2Fv2%2Fcomments&post=1240"}],"version-history":[{"count":13,"href":"http:\/\/fimm.evento.unq.edu.ar\/index.php?rest_route=\/wp\/v2\/pages\/1240\/revisions"}],"predecessor-version":[{"id":1437,"href":"http:\/\/fimm.evento.unq.edu.ar\/index.php?rest_route=\/wp\/v2\/pages\/1240\/revisions\/1437"}],"wp:attachment":[{"href":"http:\/\/fimm.evento.unq.edu.ar\/index.php?rest_route=%2Fwp%2Fv2%2Fmedia&parent=1240"}],"curies":[{"name":"wp","href":"https:\/\/api.w.org\/{rel}","templated":true}]}}