{"id":1283,"date":"2019-09-09T16:25:21","date_gmt":"2019-09-09T16:25:21","guid":{"rendered":"http:\/\/fimm.evento.unq.edu.ar\/?page_id=1283"},"modified":"2020-02-20T15:06:52","modified_gmt":"2020-02-20T15:06:52","slug":"fimm-vii-2","status":"publish","type":"page","link":"http:\/\/fimm.evento.unq.edu.ar\/?page_id=1283","title":{"rendered":"Fimm VII"},"content":{"rendered":"<h3><strong>Mi\u00e9rcoles 26<\/strong><\/h3>\n<pre><strong>16 Hs Emilie Girard-Charest (Canad\u00e1)<\/strong><\/pre>\n<p>Violonchelista, compositora e improvisadora<\/p>\n<p>Particip\u00f3 como interprete en m\u00e1s de sesenta estrenos y trabaj\u00f3 con numerosos compositores, como\u00a0Malcolm Goldstein, Michel Gonneville, Maxime McKinley, entre otros.<\/p>\n<p>Entre sus grabaciones podemos contar <em>\u00c9milie pr\u00e9f\u00e8re le chant<\/em>\u00a0(2016),\u00a0<em>Race with time<\/em>\u00a0(en duo avec Mart Soo, 2016),\u00a0 <em>Avec<\/em>\u00a0(2016), entre otras.<\/p>\n<p>Obtuvo dos diplomas del Conservatorio de M\u00fasica de Montreal en violonchelo, un Master CoPeCo (Interpretaci\u00f3n y Composici\u00f3n Contempor\u00e1nea) de la Hochschulef\u00fcr Musikund Theatre Hamburg y contin\u00faa sus estudios dirigida por Philippe Hurel y Laurent Pottier en el Conservatorio Nac. de M\u00fasica y Danza de Lyon, comenz\u00f3 en 2016 un doctorado sobre el desarrollo de una escritura ergon\u00f3mica de microton\u00eda al violonchelo.<\/p>\n<p>Toca con un violonchelo fabricado por\u00a0Angel Alvarez Verde.<\/p>\n<pre><strong>18 hs\u00a0\u00a0\u00a0 Valent\u00edn Garvie (Argentina)<\/strong><\/pre>\n<p>Comenz\u00f3 a estudiar la trompeta a los ocho a\u00f1os en Mar del Plata.\u00a0 Licenciado en M\u00fasica, Especialidad Direcci\u00f3n Orquestal en la Universidad Cat\u00f3lica Argentina en Bs As, realiz\u00f3 un Posgrado en Trompeta en la Royal Academy of Music de Londres con los profesores Howard Snell y John Wallace. Desarolla una variada actividad en diferentes g\u00e9neros y frentes musicales. Trompetista del Ensemble Modern de Frankfurt entre 2002 y 2017. Integr\u00f3 el Hessische Rundfunk Jazz Ensemble de 2010 a 2017. Invitado a tocar con algunas de las mejores orquestas y ensambles europeos, en ocasiones como solista. Como educador, es invitado regularmente a ofrecer Masterclasses en diferentes lugares del mundo.<\/p>\n<pre><strong>20 hs\u00a0 <\/strong><strong>Low Frequency Tr\u00edo (M\u00e9xico)<\/strong><\/pre>\n<p>Antonio Rosales, clarinete bajo; Juan Jos\u00e9 Garc\u00eda, contrabajo; Jos\u00e9 Luis Hurtado, piano<\/p>\n<p>Con las amplias capacidades t\u00edmbricas y expresivas de cada uno de estos instrumentos, y con un sonido conjunto a\u00fan por descubrir, LOW FREQUENCY TRIO es uno de los pocos ensambles en el mundo que se dedica a la interpretaci\u00f3n de m\u00fasica que fue exclusivamente escrita para ellos. A dos a\u00f1os de su formaci\u00f3n, el n\u00famero de obras para esta fuerza instrumental creci\u00f3 de cero a diecinueve. Tan solo en este 2018, LF3\u00a0 contempla el estreno de media docena de obras en conciertos a realizarse en M\u00e9xico y Argentina.<\/p>\n<p>Los integrantes de LF3 tienen una intensa actividad internacional en el \u00e1mbito de la nueva escena musical, y como tr\u00edo se han presentado ya en el Festival Internacional Cervantino, el Palacio de Bellas Artes de M\u00e9xico, y el Centro Mexicano para la M\u00fasica y las Artes Sonoras, as\u00ed como el Keller Hall de la University of New M\u00e9xico en los Estados Unidos.<\/p>\n<h3><strong>Jueves 27<\/strong><\/h3>\n<pre><strong>18 hs\u00a0\u00a0\u00a0 <\/strong><strong>Hugo Mu\u00f1oz Quinteto (Chile)<\/strong><\/pre>\n<p><strong>\u00abHugo\u00a0Mu\u00f1oz\u00a0Quinteto\u00bb<\/strong>\u00a0es la agrupaci\u00f3n de \u00e9ste guitarrista y compositor chileno nacido en Punta Arenas y radicado hace pocos a\u00f1os en Argentina.<\/p>\n<p>La m\u00fasica que el quinteto aborda son composiciones originales de Hugo que\u00a0recorren distintos g\u00e9neros de la m\u00fasica latinoamericana como la Chacarera argentina, el Land\u00f3 peruano, el Candombe uruguayo y la Cueca chilena con influencias de la m\u00fasica acad\u00e9mica por su formaci\u00f3n \u00abcamar\u00edstica\u00bb, del Jazz por la incorporaci\u00f3n del recurso de la improvisaci\u00f3n y de algunas m\u00fasicas de otras latitudes como Medio Oriente por la utilizaci\u00f3n de m\u00e9tricas irregulares.<\/p>\n<p>El quinteto del guitarrista Hugo Mu\u00f1oz se completa con Gustavo Barahona en Viola (tambi\u00e9n oriundo de Chile), Federico Randazzo en Clarinete, Flavio Romero en Contrabajo y Horacio Cacoliris en Percusi\u00f3n.<\/p>\n<pre><strong>20 hs <\/strong><strong>Nadia Szachniuk (Argentina)<\/strong><\/pre>\n<p><strong>Nadia Szachniuk<\/strong> se presenta\u00a0 junto a Sebasti\u00e1n Castro &#8211; Mauro Caracotche &#8211; Hugo Maldonado con un repertorio mixto en el que compartir\u00e1n canciones de autor\u00eda propia y del disco <em>Luna Atr\u00e1s <\/em>\u200badem\u00e1s de una selecci\u00f3n de piezas del cancionero popular argentino.<\/p>\n<p>Nadia Szachniuk\u200b, oriunda de Salta y radicada en Buenos Aires, presenta una larga trayectoria como cantante solista, tanto en el \u00e1mbito popular como en el l\u00edrico. Cuenta con 3 discos editados, Vidala (2011) en d\u00fao con Eva Sola, ganador del Premio Gardel 2012 \u00abMejor \u00c1lbum Nuevo Artista de Folklore\u00bb; Nonsense (2012); y Luna Atr\u00e1s (2016), su primer disco solista. Actualmente se encuentra preparando su pr\u00f3ximo material discogr\u00e1fico. Se desempe\u00f1a como docente de Canto de la Licenciatura de M\u00fasica Argentina en la UNSAM.<\/p>\n<h3><strong>Viernes 28<\/strong><\/h3>\n<pre><strong>18 hs\u00a0\u00a0\u00a0 <\/strong><strong>D\u00fao MEI (Argentina)<\/strong><\/pre>\n<p><strong>MEI<\/strong> \u2013 m\u00fasica para flautas<strong>, <\/strong>conformado por las flautistas Juliana Moreno y Patricia Garc\u00eda, ha generado un espacio de creaci\u00f3n y producci\u00f3n de m\u00fasica como resultado de un proceso de recopilaci\u00f3n, estreno y difusi\u00f3n de la m\u00fasica contempor\u00e1nea para flautas, y de un estrecho trabajo junto a diferentes compositores argentinos y latinoamericanos.<\/p>\n<p>MEI realiz\u00f3 conciertos y clases magistrales en ciudades de Argentina y en Ecuador, Per\u00fa, Uruguay, M\u00e9xico, Colombia y Estados Unidos.<\/p>\n<p>Obtuvo subsidios y becas del Fondo Argentino de Desarrollo Cultural, Iberm\u00fasicas,\u00a0 \u201cMyrna Brown Scholarship\u201d (<em>National Flute Association<\/em>), BAMUSICA e INAMU.<\/p>\n<p>En 2017 present\u00f3 su segundo CD <em>\u201cLa regi\u00f3n m\u00e1s alta del aire &#8211; donde se engendran los cometas\u201d<\/em> Este \u00e1lbum est\u00e1 integrado por d\u00faos de compositores argentinos, dedicados y estrenados por MEI.<\/p>\n<pre><strong>20 hs\u00a0\u00a0\u00a0 <\/strong><strong>EPN Tr\u00edo (Argentina)<\/strong><\/pre>\n<p>EPN Tr\u00edo surge a fines de 2009 de la escena independiente de la improvisaci\u00f3n libre, el jazz y el rock de Buenos Aires. Lo conforman piano (Sebasti\u00e1n Preit), contrabajo\/bajo el\u00e9ctrico (H\u00e9ctor Britos) y bater\u00eda (Facundo Negri); un jazz tr\u00edo singular cuyo sonido, lenguaje y esp\u00edritu ecl\u00e9ctico trascienden toda vinculaci\u00f3n directa con el jazz tradicional.<\/p>\n<p>Junto al cantante chileno Jaime Gra\u00f1a, EPN Tr\u00edo revisa y desarrolla la obra de notables autores como David Bowie, King Crimson, Radiohead, Diane Cluck, Dead Can Dance, Atahualpa Yupanqui,\u00a0 entre otros, manteniendo la esencia de cada pieza escogida, para dise\u00f1ar as\u00ed el singular paisaje sonoro de <em>Olvidadas<\/em>.<\/p>\n<h3><strong>S\u00e1bado 29<\/strong><\/h3>\n<pre><strong>18 hs\u00a0\u00a0\u00a0 Entrega de Premios y ejecuci\u00f3n de obras del Concurso de \u00a0 Composici\u00f3n <\/strong><\/pre>\n<p><strong>\u00a0\u00a0\u00a0\u00a0\u00a0\u00a0\u00a0\u00a0\u00a0\u00a0\u00a0 \u201c100 a\u00f1os de la Reforma Universitaria\u201d<\/strong><\/p>\n<p>En el marco de las actividades que realiza la UNQ en conmemoraci\u00f3n del centenario de la Reforma Universitaria, se realiz\u00f3 un concurso de composici\u00f3n con tem\u00e1tica alusiva al evento.<\/p>\n<p>Se realiza la entrega de premios y concierto de las producciones ganadoras con obras acusm\u00e1ticas \u2013 electroac\u00fasticas, las cuales fueron seleccionadas por el jurado teniendo en cuenta los siguientes requisitos:<\/p>\n<p>Producci\u00f3n con medios digitales, incluyendo todo tipo de software de tratamiento y edici\u00f3n.<\/p>\n<p>Producci\u00f3n con medios mixtos (electroac\u00fasticos) incluyendo la utilizaci\u00f3n de hardware y software. Producci\u00f3n de video-m\u00fasica electroac\u00fastica.<\/p>\n<pre><strong>20 hs Todo Incluido \u2013 Cuarteto de Saxos (Cuba)<\/strong><\/pre>\n<p>El proyecto TODO INCLUIDO se establece como un cuarteto de saxofones con una estructura formal integrada por saxof\u00f3n soprano, alto, tenor y bar\u00edtono; aunque en su ensamble o conformaci\u00f3n puede incluir otros instrumentos como el oboe o el corno ingl\u00e9s, e incluso la incorporaci\u00f3n de voces y percusi\u00f3n menor. El cuarteto se propone rescatar un formato instrumental que hoy en d\u00eda no es muy com\u00fan dentro de las agrupaciones que incluyen saxof\u00f3n en Cubapues, aunque es un formato que ha estado presente desde el siglo XX no ha sido del todo difundido en la actualidad.<\/p>\n<p>M\u00e1s all\u00e1 de tocar arreglos y obras propias de sus integrantes, TODO INCLUIDO se caracteriza por a\u00f1adirle a sus presentaciones p\u00fablicas una perspectiva perform\u00e1tica mediante la incorporaci\u00f3n de la gestualidad y los eventos coreogr\u00e1ficos, lo cual permite establecer un intercambio directo con el p\u00fablico y rebasa los l\u00edmites habituales de presentaci\u00f3n de este formato. Espec\u00edficamente, la interpretaci\u00f3n musical de cada instrumentista incluye la improvisaci\u00f3n en cada uno de los g\u00e9neros.<\/p>\n<p>Todos los integrantes del cuarteto son graduados de Nivel Medio y actualmente cursan su licenciatura en la Universidad de las Artes (ISA).<\/p>\n","protected":false},"excerpt":{"rendered":"<p>Mi\u00e9rcoles 26 16 Hs Emilie Girard-Charest (Canad\u00e1) Violonchelista, compositora e improvisadora Particip\u00f3 como interprete en m\u00e1s de sesenta estrenos y trabaj\u00f3 con numerosos compositores, como\u00a0Malcolm Goldstein, Michel Gonneville, Maxime McKinley, entre otros. Entre sus grabaciones podemos contar \u00c9milie pr\u00e9f\u00e8re le chant\u00a0(2016),\u00a0Race with time\u00a0(en duo avec Mart Soo, 2016),\u00a0 Avec\u00a0(2016), entre otras. Obtuvo dos diplomas del [&hellip;]<\/p>\n","protected":false},"author":23,"featured_media":0,"parent":0,"menu_order":0,"comment_status":"closed","ping_status":"closed","template":"","meta":[],"_links":{"self":[{"href":"http:\/\/fimm.evento.unq.edu.ar\/index.php?rest_route=\/wp\/v2\/pages\/1283"}],"collection":[{"href":"http:\/\/fimm.evento.unq.edu.ar\/index.php?rest_route=\/wp\/v2\/pages"}],"about":[{"href":"http:\/\/fimm.evento.unq.edu.ar\/index.php?rest_route=\/wp\/v2\/types\/page"}],"author":[{"embeddable":true,"href":"http:\/\/fimm.evento.unq.edu.ar\/index.php?rest_route=\/wp\/v2\/users\/23"}],"replies":[{"embeddable":true,"href":"http:\/\/fimm.evento.unq.edu.ar\/index.php?rest_route=%2Fwp%2Fv2%2Fcomments&post=1283"}],"version-history":[{"count":4,"href":"http:\/\/fimm.evento.unq.edu.ar\/index.php?rest_route=\/wp\/v2\/pages\/1283\/revisions"}],"predecessor-version":[{"id":1288,"href":"http:\/\/fimm.evento.unq.edu.ar\/index.php?rest_route=\/wp\/v2\/pages\/1283\/revisions\/1288"}],"wp:attachment":[{"href":"http:\/\/fimm.evento.unq.edu.ar\/index.php?rest_route=%2Fwp%2Fv2%2Fmedia&parent=1283"}],"curies":[{"name":"wp","href":"https:\/\/api.w.org\/{rel}","templated":true}]}}