{"id":268,"date":"2017-09-15T14:40:20","date_gmt":"2017-09-15T14:40:20","guid":{"rendered":"http:\/\/fimm.evento.unq.edu.ar\/?page_id=268"},"modified":"2020-02-20T15:06:51","modified_gmt":"2020-02-20T15:06:51","slug":"fimm-iv-2","status":"publish","type":"page","link":"http:\/\/fimm.evento.unq.edu.ar\/?page_id=268","title":{"rendered":"Fimm IV"},"content":{"rendered":"<h2><strong>Cronograma Detallado<\/strong><\/h2>\n<p>&nbsp;<\/p>\n<pre><strong>Charlas:<\/strong><\/pre>\n<ul>\n<li><strong>Sergio Pujol:<\/strong> Presentaci\u00f3n de los libros \u201cVendiendo Inglaterra por una libra\u201d de Norberto Cambiasso y \u00a0\u201cOscar Alem\u00e1n, la guitarra embrujada\u201d<\/li>\n<li><strong>Lidia Milani:<\/strong> Proyecci\u00f3n del documental \u201cPescado Rabioso, una Utop\u00eda incurable\u201d<\/li>\n<li><strong>Diego Boris<\/strong> (presidente de INAMU): Derechos intelectuales en la m\u00fasica.<\/li>\n<li><strong>Mar\u00eda Andrea Farina<\/strong> (Audio EngineeringSociety): \u201cLa ac\u00fastica es una ciencia tan extra\u00f1a que vincula los abanicos, los vi\u00f1edos, las herraduras y\u2026 las cajas de zapatos\u201d<\/li>\n<li><strong>Mart\u00edn DiazVelez<\/strong> (Audio EngineeringSociety): \u201cBytes, bits &amp;Beats \u2013 Arquitectura de DAWs\u201d<\/li>\n<\/ul>\n<p>Indio Gauvron(Audio EngineeringSociety): \u201cAnalizadores de espectro. Conociendo una herramienta poco aprovechada\u201d<\/p>\n<ul>\n<li><strong>Ezequiel Morfi y Cana San Mart\u00edn<\/strong> (EngineeringSociety): \u201cBehind The Mastering\u201d<\/li>\n<\/ul>\n<p>&nbsp;<\/p>\n<pre><strong>Conciertos:<\/strong><\/pre>\n<ul>\n<li><strong>Ensamble Voxes.<\/strong> (UNLa) Obras de Lambertini, Rapp, Carter, entre otros<\/li>\n<li><strong>Ensamble Chancho a cuerda<\/strong>. M\u00fasica popular. El grupo que integran el bajista y compositor Juli\u00e1n Galay, Nahuel Carfi (piano y voz), Agust\u00edn Lumerman (bater\u00eda y percusi\u00f3n), Lautaro Matute (guitarras y voz), Nicol\u00e1s Rallis (guitarras y voz), Manuel Rodr\u00edguez Riva (clarinetes) y Joaqu\u00edn Chib\u00e1n (viol\u00edn y viola).<\/li>\n<li>\u00a0Octeto de flautas<\/li>\n<li>(voces, clarinete, cello, guitarra y procesadores) Liderado por el guitarrista, cantante y compositor, Juan Cerono, Lo acompa\u00f1an Agust\u00edn Salzano (cello), Natalia Pellegrinet (voz), Luciano Giambastiani (clarinete bajo y electr\u00f3nica). Invitado especial: Marcos Franciosi (sintetizador).<\/li>\n<li><strong>S\u00fcden. <\/strong>(Obras de Kagel, Gandini y Franciosi)<\/li>\n<li><strong>D\u00fao Manos a las Obras.<\/strong> (Hayd\u00e9eSchvartz + El\u00edas Gurevich) Obras de estudiantes de composici\u00f3n de la UNQ.<\/li>\n<li><strong>Octante<\/strong>. voces contempor\u00e1neas. \u00a0Stimmung de KarlheinzStockhausen.<\/li>\n<li><strong>Ernesto Jodos.<\/strong> \u00a0Piano solo.<\/li>\n<li><strong>Mudos por el celuloide.<\/strong> M\u00fasica de Marcelo Katz sobre el film \u201cNosferatu, el vampiro\u201d de F.W. Murnau.<\/li>\n<li><strong>Instalaci\u00f3n Pasillo M\u00fasica<\/strong>. Concierto para Peatones: \u201cA 30 a\u00f1os del Juicio \u00a0a las juntas\u201d. Valent\u00edn Holgado, FabianSguiglia, Fernando Mastrasso, Nicol\u00e1s Pad\u00edn y Tom\u00e1s Mariani.<\/li>\n<li><strong>Instalaci\u00f3n 4X4 Cristian Accatolli, Bautista Luchessi.<\/strong> \u201cContra factum non valet argumentum\u201c Expresio\u0301njuridica. Traduccio\u0301n: \u201cContra los hechos, no hay argumento que valga\u201d Nicol\u00e1s Medero Larrosa: \u201cAnte el rumor del silencio, 1985\u201d<\/li>\n<\/ul>\n<p>&nbsp;<\/p>\n<p><a href=\"http:\/\/fimm.evento.unq.edu.ar\/wp-content\/uploads\/sites\/9\/2015\/09\/programa.pdf\">PROGRAMA PARA DESCARGAR\u00a0<\/a><\/p>\n","protected":false},"excerpt":{"rendered":"<p>Cronograma Detallado &nbsp; Charlas: Sergio Pujol: Presentaci\u00f3n de los libros \u201cVendiendo Inglaterra por una libra\u201d de Norberto Cambiasso y \u00a0\u201cOscar Alem\u00e1n, la guitarra embrujada\u201d Lidia Milani: Proyecci\u00f3n del documental \u201cPescado Rabioso, una Utop\u00eda incurable\u201d Diego Boris (presidente de INAMU): Derechos intelectuales en la m\u00fasica. Mar\u00eda Andrea Farina (Audio EngineeringSociety): \u201cLa ac\u00fastica es una ciencia tan [&hellip;]<\/p>\n","protected":false},"author":23,"featured_media":0,"parent":0,"menu_order":0,"comment_status":"closed","ping_status":"closed","template":"","meta":[],"_links":{"self":[{"href":"http:\/\/fimm.evento.unq.edu.ar\/index.php?rest_route=\/wp\/v2\/pages\/268"}],"collection":[{"href":"http:\/\/fimm.evento.unq.edu.ar\/index.php?rest_route=\/wp\/v2\/pages"}],"about":[{"href":"http:\/\/fimm.evento.unq.edu.ar\/index.php?rest_route=\/wp\/v2\/types\/page"}],"author":[{"embeddable":true,"href":"http:\/\/fimm.evento.unq.edu.ar\/index.php?rest_route=\/wp\/v2\/users\/23"}],"replies":[{"embeddable":true,"href":"http:\/\/fimm.evento.unq.edu.ar\/index.php?rest_route=%2Fwp%2Fv2%2Fcomments&post=268"}],"version-history":[{"count":5,"href":"http:\/\/fimm.evento.unq.edu.ar\/index.php?rest_route=\/wp\/v2\/pages\/268\/revisions"}],"predecessor-version":[{"id":1106,"href":"http:\/\/fimm.evento.unq.edu.ar\/index.php?rest_route=\/wp\/v2\/pages\/268\/revisions\/1106"}],"wp:attachment":[{"href":"http:\/\/fimm.evento.unq.edu.ar\/index.php?rest_route=%2Fwp%2Fv2%2Fmedia&parent=268"}],"curies":[{"name":"wp","href":"https:\/\/api.w.org\/{rel}","templated":true}]}}