{"id":362,"date":"2017-09-15T17:24:57","date_gmt":"2017-09-15T17:24:57","guid":{"rendered":"http:\/\/fimm.evento.unq.edu.ar\/?page_id=362"},"modified":"2020-02-20T15:06:51","modified_gmt":"2020-02-20T15:06:51","slug":"fimm-iii","status":"publish","type":"page","link":"http:\/\/fimm.evento.unq.edu.ar\/?page_id=362","title":{"rendered":"Fimm III"},"content":{"rendered":"<h2><strong>Cronograma Detallado<\/strong><\/h2>\n<p>&nbsp;<\/p>\n<pre><strong>Charlas y Talleres:<\/strong><\/pre>\n<ul>\n<li><strong>Marisa Busker<\/strong>, La Danza Escondida. <strong>Federico Arreseygor<\/strong>, composici\u00f3n, arreglos en interpretaci\u00f3n en m\u00fasica popular.<\/li>\n<li><strong>Marcelo Ajubita (Rosario)<\/strong>. Nuevos Recursos T\u00edmbricos en Instrumentos de Cuerdas de Frotada. <strong>Juan Peltzer, Patricia Mart\u00ednez y Oscar Edelstein<\/strong>. Teatro Musical.<\/li>\n<li><strong>Lucas Leal, <\/strong>Sintetizadores y Secuenciadores artesales. <strong>Mart\u00edn Nardone<\/strong>, Charla sobre Reactable.<\/li>\n<li><strong>Rodrigo Sigal (M\u00e9xico)<\/strong> Master class sobre su obra. <strong>Javier Cohen<\/strong>, Una mirada sobre el tango, y la improvisaci\u00f3n como condici\u00f3n expresiva ineludible.<\/li>\n<li><strong>Alejandro Gallo,<\/strong> Spinetta luz: an\u00e1lisis de la po\u00e9tica de Spinetta. <strong>Conjunto Vocal Octante, Voces contempor\u00e1neas<\/strong>, Clase abierta con an\u00e1lisis y ejemplos en vivo sobre SStimmung, para seis voces mixtas, de Karlheinz Stockhausen: elemento para un abordaje interpretativo<strong>. Juan Peltzer<\/strong>, conducci\u00f3n.<\/li>\n<\/ul>\n<p><strong>\u00a0<\/strong><\/p>\n<pre><strong>Conciertos:<\/strong><\/pre>\n<ul>\n<li><strong>Leonardo Minig<\/strong> (mandolina)- <strong>Mart\u00edn Borr\u00e1s<\/strong> (guitarra). <strong>Invitado:<\/strong> Marcos Cifuentes (contrabajo)<strong>. Obras de:<\/strong> Ludwing van Beethoven, Raffaele Calace, Astor Piazzolla y Luis Gianneo.<\/li>\n<li><strong>Por estos Lares, <\/strong>Grupo de m\u00fasica folcl\u00f3rica Argentina y Latinoamericana. <strong>Amorina Gonzal\u00e9z<\/strong> (canto). <strong>Jos\u00e9 Aguirre<\/strong> (percusi\u00f3n). <strong>Gustavo Chaumel<\/strong> (flauta traversa). <strong>Obras de: <\/strong>Ra\u00fal Carnota, P\u00e9rez- Leguizam\u00f3n, Chacho Echenique, Isolina Carrillo, Carlos Aguirre, Violeta Parra, Cuchi Leguizam\u00f3n, Teresa Massquez- Demetrio Ortiz, Luna- Ram\u00edrez, Tejeda Gomez- Leguizam\u00f3n, Jacinto Piedra, Chabuca Granda y Mario Arnedo Gallo.<\/li>\n<li><strong>Hern\u00e1n Saman\u00e1 Tr\u00edo<\/strong>, Jazz moderno, Homenaje a Julio Cort\u00e1zar<strong>, Ivan Viaggio<\/strong>(contrabajo), <strong>Sebasti\u00e1n Stecher<\/strong> (bater\u00eda), <strong>Hern\u00e1n Sam\u00e1<\/strong> (saxo).<\/li>\n<li><strong>Orquesta de C\u00e1mara Trapem, director: <\/strong>Luciano Falc\u00f3n, <strong>Obras de: <\/strong>Wolfgang Amadeus Mozart, Astor Piazzolla y Samuel Barber.<\/li>\n<li><strong>Tr\u00edo Nuevos Vientos, <\/strong>Repertorio m\u00fasica argentina contempor\u00e1nea. <strong>Ianina Pietrantonio<\/strong> (flautas). <strong>Griselda Gianinni<\/strong> (clarinetes). <strong>Alejandro Soraires <\/strong>(saxo).<\/li>\n<li><strong>Victor Sim\u00f3n <\/strong>(piano). Obras de los Hermanos Sim\u00f3n y Obras propias.<\/li>\n<li><strong>Claudio Pe\u00f1a &amp; Lorena Torales <\/strong>(violonchelo ypiano) Post-Improvisaciones.<\/li>\n<li><strong>Ensamble Y<\/strong>. M\u00fasica Contempor\u00e1nea. Natalia Salinas (direcci\u00f3n). <strong>Obras de : <\/strong>Carolina Carrizo, Carlos Mastropietro, Luciano Kulikov y Simon Steen- Andersen.<\/li>\n<li><strong>Workshop Reactable + concierto. Mart\u00edn Nardone,<\/strong> (Le Freak Selector). <strong>Esteban Insinger<\/strong> (piano + efecto).<\/li>\n<li><strong>Javier Cohen Tr\u00edo, <\/strong>Tango rioplatense. <strong>Javier Cohen<\/strong> (guitarra). <strong>Claudio Gandolfo<\/strong> (bandone\u00f3n). <strong>Hern\u00e1n Fern\u00e1ndez<\/strong> (percusi\u00f3n).<\/li>\n<li><strong>Marcelo Delgado,<\/strong> C\u00edrculo de Lectores 2( sobre fragmentos de Rayuela, de Julio Cort\u00e1zar.<\/li>\n<\/ul>\n<p><strong>Lectores: Cecilia Pastorino, Silvia Dabul, Jorge Moldaski, Diego Romero Mascar\u00f3, Marcelo Delgado. Sergio calat\u00e1n<\/strong> (flautas). <strong>Fabio Loverso <\/strong>(cello).<\/p>\n<ul>\n<li><strong>Rodrigo Sigal <\/strong>(M\u00e9xico). Lum\u00ednico (sonido y luz). Lum\u00ednico 1ra parte.Wing of Wind*. Lum\u00ednico 2da parte, Sonic Farfalla. <strong>Sa\u00fal Mart\u00edn<\/strong> (flauta).<\/li>\n<li><strong>La Rueda de la Luna, <\/strong>Cuarteto de cuerdas.<\/li>\n<\/ul>\n<p><strong>Mariana Caminoa <\/strong>(viol\u00edn).<strong>Daniela Sigaud<\/strong> (viol\u00edn). <strong>Javiera Gonz\u00e1lez<\/strong> (viola). <strong>Mariana Levit\u00edn<\/strong> (cello).<\/p>\n<p><strong>Obras de: <\/strong>Serguei Rachmaninoff, Joaqu\u00edn Turina, Oscar Gullace, Heitor Villa- Lobos y Justinian Tamusuza.<\/p>\n<ul>\n<li><strong>Sergio Poli Ensamble El\u00e9ctrico, <\/strong>Jazz el\u00e9ctrico.<\/li>\n<\/ul>\n<p><strong>Sergio Poli (violines), Pablo Murgier Pazdera <\/strong>(teclados), <strong>Maxi Abal<\/strong> (guitarras), <strong>Jonatan Schenone<\/strong> (bajo), <strong>Daniel Viera<\/strong> (bater\u00eda).<\/p>\n<ul>\n<li><strong>Metaca\u00f1o, <\/strong>M\u00fasica Improvisada.<\/li>\n<\/ul>\n<p><strong>Manuel Frenandez Secchi, Maxi Arena, Alejandro Nanove, Richard Nant <\/strong>(trompetas). <strong>Sergio Gicolini<\/strong> (tromb\u00f3n). <strong>Pablo Girard\u00edn<\/strong> (tuba). <strong>Tom\u00e1s Szelagowski <\/strong>(saxo soprano).<strong>Sebasti\u00e1n Cavallero, Guillermo Vera<\/strong> (saxos altos). <strong>Esteban Cicatelli, Federico Carreras<\/strong> (saxo tenores). <strong>Rodrigo Runco<\/strong> (saxo bar\u00edtono). <strong>Sebasti\u00e1n Piatti, Homero Serra, Lucas Mu\u00f1oz<\/strong> (percusi\u00f3n)<\/p>\n","protected":false},"excerpt":{"rendered":"<p>Cronograma Detallado &nbsp; Charlas y Talleres: Marisa Busker, La Danza Escondida. Federico Arreseygor, composici\u00f3n, arreglos en interpretaci\u00f3n en m\u00fasica popular. Marcelo Ajubita (Rosario). Nuevos Recursos T\u00edmbricos en Instrumentos de Cuerdas de Frotada. Juan Peltzer, Patricia Mart\u00ednez y Oscar Edelstein. Teatro Musical. Lucas Leal, Sintetizadores y Secuenciadores artesales. Mart\u00edn Nardone, Charla sobre Reactable. Rodrigo Sigal (M\u00e9xico) [&hellip;]<\/p>\n","protected":false},"author":23,"featured_media":0,"parent":0,"menu_order":0,"comment_status":"closed","ping_status":"closed","template":"","meta":[],"_links":{"self":[{"href":"http:\/\/fimm.evento.unq.edu.ar\/index.php?rest_route=\/wp\/v2\/pages\/362"}],"collection":[{"href":"http:\/\/fimm.evento.unq.edu.ar\/index.php?rest_route=\/wp\/v2\/pages"}],"about":[{"href":"http:\/\/fimm.evento.unq.edu.ar\/index.php?rest_route=\/wp\/v2\/types\/page"}],"author":[{"embeddable":true,"href":"http:\/\/fimm.evento.unq.edu.ar\/index.php?rest_route=\/wp\/v2\/users\/23"}],"replies":[{"embeddable":true,"href":"http:\/\/fimm.evento.unq.edu.ar\/index.php?rest_route=%2Fwp%2Fv2%2Fcomments&post=362"}],"version-history":[{"count":3,"href":"http:\/\/fimm.evento.unq.edu.ar\/index.php?rest_route=\/wp\/v2\/pages\/362\/revisions"}],"predecessor-version":[{"id":731,"href":"http:\/\/fimm.evento.unq.edu.ar\/index.php?rest_route=\/wp\/v2\/pages\/362\/revisions\/731"}],"wp:attachment":[{"href":"http:\/\/fimm.evento.unq.edu.ar\/index.php?rest_route=%2Fwp%2Fv2%2Fmedia&parent=362"}],"curies":[{"name":"wp","href":"https:\/\/api.w.org\/{rel}","templated":true}]}}