{"id":364,"date":"2017-09-15T17:24:57","date_gmt":"2017-09-15T17:24:57","guid":{"rendered":"http:\/\/fimm.evento.unq.edu.ar\/?page_id=364"},"modified":"2020-02-20T15:06:51","modified_gmt":"2020-02-20T15:06:51","slug":"fimm-i","status":"publish","type":"page","link":"http:\/\/fimm.evento.unq.edu.ar\/?page_id=364","title":{"rendered":"Fimm I"},"content":{"rendered":"<h2><strong>Cronograma Detallado<\/strong><\/h2>\n<p>&nbsp;<\/p>\n<p>&nbsp;<\/p>\n<pre><strong>Charlas y Talleres<\/strong><strong>:<\/strong><\/pre>\n<ul>\n<li><strong>Diego Romero Mascar\u00f3<\/strong> <strong>+ Edgardo Palotta<\/strong> + <strong>Mart\u00edn Liut<\/strong> + <strong>Abel Gilbert:<\/strong><\/li>\n<\/ul>\n<p>\u00bfPor qu\u00e9 un FIMM?<\/p>\n<ul>\n<li><strong>Cecilia Ivanchevich<\/strong> + <strong>Diego Romero Mascar\u00f3: <\/strong>Laboratorio Interdisciplinario de Arte<strong>.<\/strong><\/li>\n<li><strong>Claudio Spector<\/strong> <strong>+ Eduardo Taccone<\/strong> + <strong>Edgardo Palotta:<\/strong> Programas de Orquestas Infantojuveniles<\/li>\n<li><strong>Nicol\u00e1s Varchausky<\/strong> + <strong>Nicol\u00e1s Madoery<\/strong>: Edici\u00f3n de discos en el siglo XXI.<\/li>\n<li><strong>Pablo Sem\u00e1n<\/strong> + <strong>Mart\u00edn Liut:<\/strong> Presentaci\u00f3n del libro \u00abCumbia. Naci\u00f3n, etnia y g\u00e9nero en Latinoam\u00e9rica\u00bb<\/li>\n<li><strong>Guillermo Navarro<\/strong>, Abogado Especializado en Propiedad Intelectual. \u00abDerechos de Autor y nuevas formas de Protecci\u00f3n\u201d<\/li>\n<li><strong>Esteban Calcagno: <\/strong>Aproximaci\u00f3n a Arduino. Taller: ELECTROPUNQ.<\/li>\n<li><strong>Mart\u00edn Matus<\/strong>: Experimentaci\u00f3n sonora con electr\u00f3nica de bajo costo. Taller: ELECTROPUNQ.<\/li>\n<\/ul>\n<pre><strong>Conciertos:<\/strong><\/pre>\n<ul>\n<li><strong>Nicol\u00e1s Varchausky. <\/strong>Speaker Performing Kiosk<\/li>\n<li><strong>Laboratorio Interdisciplinario de Arte<\/strong>. Realizaci\u00f3n de obra interdisciplinaria<\/li>\n<li><strong>Mart\u00edn Proscia.<\/strong> obras para saxo y electr\u00f3nica.<\/li>\n<li><strong>Jos\u00e9 Akel + Hern\u00e1n Vives. <\/strong>m\u00fasica renacentista<\/li>\n<li><strong>Dir<\/strong>. <strong>Amalia Del Giudice<\/strong>. Ensamble de Clarinetes de Buenos Aires (ECBA).<\/li>\n<li><strong>Pablo C\u00e1naves. <\/strong>Conjunto Vocal de C\u00e1mara de Quilmes<\/li>\n<li>Obras de: <strong>Di Liscia + Saitta + Cetta + Cura. <\/strong>Concierto de M\u00fasica Electroac\u00fastica.<\/li>\n<li><strong>Santiago Santero. <\/strong>Ensamble del IUNA. m\u00fasica contempor\u00e1nea.<\/li>\n<li><strong>Dilas Grau. <\/strong><\/li>\n<li><strong>Ignacio L\u00f3pez. <\/strong>Ensamble de Guitarras de Quilmes<\/li>\n<li><strong>Juan Peltzer + Lorena Torales<\/strong>. Viaje de Invierno de F. Schubert.<\/li>\n<li><strong>Fabi\u00e1n Kesler + Esteban Insinger.<\/strong> Laptork d\u00fao, (electr\u00f3nica &#8211; experimental)<\/li>\n<li><strong>Raskoski Hot Club Jazz<\/strong>.<\/li>\n<li><strong>Augusto Arias. Estudio Coral Ayekantun. <\/strong>Integrado por estudiantes de las carreras de m\u00fasica de la UNQ<\/li>\n<li><strong>Hector Britos + Fabio Goy + Lorena Torales. <\/strong>Obras para saxo y piano del Siglo XX.<\/li>\n<li><strong>Gabriel Colautti<\/strong> <strong>Tr\u00edo<\/strong>.<\/li>\n<li><strong>Norman Baroni + M\u00f3nica Capra. <\/strong>Obras para guitarra y canto.<\/li>\n<li><strong>\u00c1ngel Deman + Ren\u00e9 Jacobson + Fernando Botti. <\/strong>Tres por Tango<\/li>\n<li><strong> Sergio Ganza<\/strong>. Coro UNQ<\/li>\n<li><strong>Coro de Adultos de la Municipalidad de Berazategui + Norman Baroni (Dir.<\/strong> <strong>Edgardo Palotta).<\/strong> Romancero Gitano de M. Castelnuovo Tedesco &#8211; F. Garc\u00eda Lorca.<\/li>\n<\/ul>\n<ul>\n<li>Folklore argentino<\/li>\n<li><strong>LA TOTUMA SOUND MACHINE. <\/strong>Folklore colombiano<\/li>\n<li><strong>Cuarteto de saxos Tsunami. <\/strong>Obras de: Philip Glass y Gy\u00f6rgy Ligeti.<\/li>\n<li><strong> Oscar Edelstein. <\/strong>Ensamble Nacional del Sur (ENS)<\/li>\n<li>Artista Invitado de la Secretar\u00eda de Cultura de la Naci\u00f3n.<\/li>\n<\/ul>\n<p><strong>\u00a0<\/strong><\/p>\n","protected":false},"excerpt":{"rendered":"<p>Cronograma Detallado &nbsp; &nbsp; Charlas y Talleres: Diego Romero Mascar\u00f3 + Edgardo Palotta + Mart\u00edn Liut + Abel Gilbert: \u00bfPor qu\u00e9 un FIMM? Cecilia Ivanchevich + Diego Romero Mascar\u00f3: Laboratorio Interdisciplinario de Arte. Claudio Spector + Eduardo Taccone + Edgardo Palotta: Programas de Orquestas Infantojuveniles Nicol\u00e1s Varchausky + Nicol\u00e1s Madoery: Edici\u00f3n de discos en el [&hellip;]<\/p>\n","protected":false},"author":23,"featured_media":0,"parent":0,"menu_order":0,"comment_status":"closed","ping_status":"closed","template":"","meta":[],"_links":{"self":[{"href":"http:\/\/fimm.evento.unq.edu.ar\/index.php?rest_route=\/wp\/v2\/pages\/364"}],"collection":[{"href":"http:\/\/fimm.evento.unq.edu.ar\/index.php?rest_route=\/wp\/v2\/pages"}],"about":[{"href":"http:\/\/fimm.evento.unq.edu.ar\/index.php?rest_route=\/wp\/v2\/types\/page"}],"author":[{"embeddable":true,"href":"http:\/\/fimm.evento.unq.edu.ar\/index.php?rest_route=\/wp\/v2\/users\/23"}],"replies":[{"embeddable":true,"href":"http:\/\/fimm.evento.unq.edu.ar\/index.php?rest_route=%2Fwp%2Fv2%2Fcomments&post=364"}],"version-history":[{"count":4,"href":"http:\/\/fimm.evento.unq.edu.ar\/index.php?rest_route=\/wp\/v2\/pages\/364\/revisions"}],"predecessor-version":[{"id":737,"href":"http:\/\/fimm.evento.unq.edu.ar\/index.php?rest_route=\/wp\/v2\/pages\/364\/revisions\/737"}],"wp:attachment":[{"href":"http:\/\/fimm.evento.unq.edu.ar\/index.php?rest_route=%2Fwp%2Fv2%2Fmedia&parent=364"}],"curies":[{"name":"wp","href":"https:\/\/api.w.org\/{rel}","templated":true}]}}